{"id":11480,"date":"2023-04-30T11:35:17","date_gmt":"2023-04-30T09:35:17","guid":{"rendered":"https:\/\/kerenhajessod.ch\/donate-to-kedma\/"},"modified":"2023-04-30T11:36:40","modified_gmt":"2023-04-30T09:36:40","slug":"donate-to-kedma","status":"publish","type":"page","link":"https:\/\/kerenhajessod.ch\/en\/donate-to-kedma\/","title":{"rendered":"Donate to Kedma"},"content":{"rendered":"\t\t<div data-elementor-type=\"wp-page\" data-elementor-id=\"11480\" class=\"elementor elementor-11480 elementor-6726\" data-elementor-post-type=\"page\">\n\t\t\t\t\t\t<section class=\"elementor-section elementor-top-section elementor-element elementor-element-45f0bce3 elementor-section-stretched elementor-section-full_width elementor-section-height-default elementor-section-height-default\" data-id=\"45f0bce3\" data-element_type=\"section\" data-settings=\"{&quot;stretch_section&quot;:&quot;section-stretched&quot;,&quot;background_background&quot;:&quot;classic&quot;}\">\n\t\t\t\t\t\t<div class=\"elementor-container elementor-column-gap-default\">\n\t\t\t\t\t<div class=\"elementor-column elementor-col-100 elementor-top-column elementor-element elementor-element-1413d082\" data-id=\"1413d082\" data-element_type=\"column\">\n\t\t\t<div class=\"elementor-widget-wrap\">\n\t\t\t\t\t\t\t<\/div>\n\t\t<\/div>\n\t\t\t\t\t<\/div>\n\t\t<\/section>\n\t\t\t\t<section class=\"elementor-section elementor-top-section elementor-element elementor-element-248e8078 elementor-section-boxed elementor-section-height-default elementor-section-height-default\" data-id=\"248e8078\" data-element_type=\"section\">\n\t\t\t\t\t\t<div class=\"elementor-container elementor-column-gap-wide\">\n\t\t\t\t\t<div class=\"elementor-column elementor-col-100 elementor-top-column elementor-element elementor-element-85499cc\" data-id=\"85499cc\" data-element_type=\"column\">\n\t\t\t<div class=\"elementor-widget-wrap elementor-element-populated\">\n\t\t\t\t\t\t<div class=\"elementor-element elementor-element-d989275 elementor-widget elementor-widget-heading\" data-id=\"d989275\" data-element_type=\"widget\" data-widget_type=\"heading.default\">\n\t\t\t\t<div class=\"elementor-widget-container\">\n\t\t\t\t\t<h2 class=\"elementor-heading-title elementor-size-default\">Donate to KEDMA<\/h2>\t\t\t\t<\/div>\n\t\t\t\t<\/div>\n\t\t\t\t<div class=\"elementor-element elementor-element-47976d5 elementor-widget-divider--view-line elementor-widget elementor-widget-divider\" data-id=\"47976d5\" data-element_type=\"widget\" data-widget_type=\"divider.default\">\n\t\t\t\t<div class=\"elementor-widget-container\">\n\t\t\t\t\t\t\t<div class=\"elementor-divider\">\n\t\t\t<span class=\"elementor-divider-separator\">\n\t\t\t\t\t\t<\/span>\n\t\t<\/div>\n\t\t\t\t\t\t<\/div>\n\t\t\t\t<\/div>\n\t\t\t\t<div class=\"elementor-element elementor-element-a8855ea elementor-widget elementor-widget-image\" data-id=\"a8855ea\" data-element_type=\"widget\" data-widget_type=\"image.default\">\n\t\t\t\t<div class=\"elementor-widget-container\">\n\t\t\t\t\t\t\t\t\t\t\t\t\t\t\t<img decoding=\"async\" src=\"https:\/\/kerenhajessod.ch\/wp-content\/uploads\/elementor\/thumbs\/Picture1-1-pxngku17d0skey6atcxm8eel9oz5m3denuypnt40k4.png\" title=\"Picture1\" alt=\"Picture1\" loading=\"lazy\" \/>\t\t\t\t\t\t\t\t\t\t\t\t\t\t\t<\/div>\n\t\t\t\t<\/div>\n\t\t\t\t<div class=\"elementor-element elementor-element-6bba743 elementor-widget elementor-widget-shortcode\" data-id=\"6bba743\" data-element_type=\"widget\" data-widget_type=\"shortcode.default\">\n\t\t\t\t<div class=\"elementor-widget-container\">\n\t\t\t\t\t\t\t<div class=\"elementor-shortcode\"><div class=\"wpforms-container wpforms-container-full wpforms-stripe\" id=\"wpforms-11476\"><form id=\"wpforms-form-11476\" class=\"wpforms-validate wpforms-form wpforms-ajax-form\" data-formid=\"11476\" method=\"post\" enctype=\"multipart\/form-data\" action=\"\/en\/wp-json\/wp\/v2\/pages\/11480\" data-token=\"1efa3145a919278f35defd8eb1820d64\" data-token-time=\"1776704595\"><noscript class=\"wpforms-error-noscript\">Please enable JavaScript in your browser to complete this form.<\/noscript><div class=\"wpforms-field-container\"><div id=\"wpforms-11476-field_35-container\" class=\"wpforms-field wpforms-field-payment-multiple wpforms-conditional-trigger\" data-field-id=\"35\"><label class=\"wpforms-field-label\">Donation amount <span class=\"wpforms-required-label\">*<\/span><\/label><ul id=\"wpforms-11476-field_35\" class=\"wpforms-field-required\"><li class=\"choice-1\"><input type=\"radio\" id=\"wpforms-11476-field_35_1\" class=\"wpforms-payment-price\" data-amount=\"360.00\" name=\"wpforms[fields][35]\" value=\"1\" required ><label class=\"wpforms-field-label-inline\" for=\"wpforms-11476-field_35_1\">CHF 1 \/ day for one year - <span class=\"wpforms-currency-symbol\">CHF360.00<\/span><\/label><\/li><li class=\"choice-2\"><input type=\"radio\" id=\"wpforms-11476-field_35_2\" class=\"wpforms-payment-price\" data-amount=\"720.00\" name=\"wpforms[fields][35]\" value=\"2\" required ><label class=\"wpforms-field-label-inline\" for=\"wpforms-11476-field_35_2\">CHF 2 \/ day for one year - <span class=\"wpforms-currency-symbol\">CHF720.00<\/span><\/label><\/li><li class=\"choice-3\"><input type=\"radio\" id=\"wpforms-11476-field_35_3\" class=\"wpforms-payment-price\" data-amount=\"1,800.00\" name=\"wpforms[fields][35]\" value=\"3\" required ><label class=\"wpforms-field-label-inline\" for=\"wpforms-11476-field_35_3\">CHF 5 \/ day for one year - <span class=\"wpforms-currency-symbol\">CHF1,800.00<\/span><\/label><\/li><li class=\"choice-4\"><input type=\"radio\" id=\"wpforms-11476-field_35_4\" class=\"wpforms-payment-price\" data-amount=\"3,600.00\" name=\"wpforms[fields][35]\" value=\"4\" required ><label class=\"wpforms-field-label-inline\" for=\"wpforms-11476-field_35_4\">CHF 10 \/ day for one year - <span class=\"wpforms-currency-symbol\">CHF3,600.00<\/span><\/label><\/li><li class=\"choice-7\"><input type=\"radio\" id=\"wpforms-11476-field_35_7\" class=\"wpforms-payment-price\" data-amount=\"0.00\" name=\"wpforms[fields][35]\" value=\"7\" required ><label class=\"wpforms-field-label-inline\" for=\"wpforms-11476-field_35_7\">Choose own amount - <span class=\"wpforms-currency-symbol\">CHF0.00<\/span><\/label><\/li><\/ul><\/div><div id=\"wpforms-11476-field_2-container\" class=\"wpforms-field wpforms-field-payment-single wpforms-conditional-field wpforms-conditional-show\" data-field-id=\"2\" style=\"display:none;\"><label class=\"wpforms-field-label\" for=\"wpforms-11476-field_2\">Choose other amount (in CHF) <span class=\"wpforms-required-label\">*<\/span><\/label><input type=\"text\" id=\"wpforms-11476-field_2\" class=\"wpforms-field-medium wpforms-field-required wpforms-payment-user-input wpforms-payment-price\" data-rule-currency=\"[&quot;$&quot;,false]\" data-rule-required-positive-number=\"1\" name=\"wpforms[fields][2]\" value=\"CHF0.00\"><\/div><div id=\"wpforms-11476-field_7-container\" class=\"wpforms-field wpforms-field-radio wpforms-conditional-trigger\" data-field-id=\"7\"><label class=\"wpforms-field-label\">Payment method  <span class=\"wpforms-required-label\">*<\/span><\/label><ul id=\"wpforms-11476-field_7\" class=\"wpforms-field-required\"><li class=\"choice-2 depth-1\"><input type=\"radio\" id=\"wpforms-11476-field_7_2\" name=\"wpforms[fields][7]\" value=\"Credit card\" required ><label class=\"wpforms-field-label-inline\" for=\"wpforms-11476-field_7_2\">Credit card<\/label><\/li><li class=\"choice-1 depth-1\"><input type=\"radio\" id=\"wpforms-11476-field_7_1\" name=\"wpforms[fields][7]\" value=\"e-Banking\" required ><label class=\"wpforms-field-label-inline\" for=\"wpforms-11476-field_7_1\">e-Banking<\/label><\/li><\/ul><div class=\"wpforms-field-description\">Die Bankinformationen zum e-Banking werden Ihnen im Anschluss per E-mail zugeschickt.<\/div><\/div><div id=\"wpforms-11476-field_6-container\" class=\"wpforms-field wpforms-field-stripe-credit-card wpforms-conditional-field wpforms-conditional-show\" data-field-id=\"6\" style=\"display:none;\"><label class=\"wpforms-field-label\">Kreditkartenzahlung (via Stripe) <span class=\"wpforms-required-label\">*<\/span><\/label><div class=\"wpforms-field-row wpforms-field-medium\"><div class=\"wpforms-field-stripe-credit-card-number\"><div id=\"wpforms-11476-field_6\" class=\"wpforms-field-stripe-credit-card-cardnumber wpforms-field-required\" data-required=\"required\"><!-- a Stripe Element will be inserted here. --><\/div><input type=\"text\" class=\"wpforms-stripe-credit-card-hidden-input\" name=\"wpforms[stripe-credit-card-hidden-input-11476]\" disabled style=\"display: none;\"><label  class=\"wpforms-field-sublabel after\">Card<\/label><\/div><\/div><div class=\"wpforms-field-row wpforms-field-medium\"><div class=\"wpforms-field-stripe-credit-card-name\"><input type=\"text\" id=\"wpforms-11476-field_6-cardname\" class=\"wpforms-field-stripe-credit-card-cardname wpforms-field-required\" name=\"wpforms[stripe-credit-card-cardname]\" required><label for=\"wpforms-11476-field_6-cardname\" class=\"wpforms-field-sublabel after\">Name on Card<\/label><\/div><\/div><div class=\"wpforms-field-description\">F\u00fcr eine erfolgreiche Zahlung erforderlich: <br>\r\nKreditkartennummer, G\u00fcltigkeitsdatum und 3-stellige Pr\u00fcfziffer (CVC) auf der R\u00fcckseite der Kreditkarte.<\/div><\/div><div id=\"wpforms-11476-field_26-container\" class=\"wpforms-field wpforms-field-divider\" data-field-id=\"26\"><\/div><div id=\"wpforms-11476-field_0-container\" class=\"wpforms-field wpforms-field-name\" data-field-id=\"0\"><label class=\"wpforms-field-label\" for=\"wpforms-11476-field_0\">Donor <span class=\"wpforms-required-label\">*<\/span><\/label><input type=\"text\" id=\"wpforms-11476-field_0\" class=\"wpforms-field-large wpforms-field-required\" name=\"wpforms[fields][0]\" placeholder=\"First and last name\" required><\/div><div id=\"wpforms-11476-field_5-container\" class=\"wpforms-field wpforms-field-text wpforms-one-half wpforms-first\" data-field-id=\"5\"><label class=\"wpforms-field-label\" for=\"wpforms-11476-field_5\">Company<\/label><input type=\"text\" id=\"wpforms-11476-field_5\" class=\"wpforms-field-large\" name=\"wpforms[fields][5]\" placeholder=\"Company name\" ><\/div><div id=\"wpforms-11476-field_20-container\" class=\"wpforms-field wpforms-field-text\" data-field-id=\"20\"><label class=\"wpforms-field-label\" for=\"wpforms-11476-field_20\">Address<\/label><input type=\"text\" id=\"wpforms-11476-field_20\" class=\"wpforms-field-large\" name=\"wpforms[fields][20]\" placeholder=\"Address\" ><\/div><div id=\"wpforms-11476-field_18-container\" class=\"wpforms-field wpforms-field-phone wpforms-one-half wpforms-first\" data-field-id=\"18\"><label class=\"wpforms-field-label\" for=\"wpforms-11476-field_18\">Phone<\/label><input type=\"tel\" id=\"wpforms-11476-field_18\" class=\"wpforms-field-large wpforms-smart-phone-field\" data-rule-smart-phone-field=\"true\" name=\"wpforms[fields][18]\" aria-label=\"Phone\" ><\/div><div id=\"wpforms-11476-field_1-container\" class=\"wpforms-field wpforms-field-email wpforms-one-half\" data-field-id=\"1\"><label class=\"wpforms-field-label\" for=\"wpforms-11476-field_1\">Email <span class=\"wpforms-required-label\">*<\/span><\/label><input type=\"email\" id=\"wpforms-11476-field_1\" class=\"wpforms-field-large wpforms-field-required\" name=\"wpforms[fields][1]\" placeholder=\"yo&#117;&#114;&#64;&#x65;&#x6d;&#x61;&#x69;l&#46;&#99;&#111;&#109;\" spellcheck=\"false\" required><\/div><div id=\"wpforms-11476-field_3-container\" class=\"wpforms-field wpforms-field-textarea\" data-field-id=\"3\"><label class=\"wpforms-field-label\" for=\"wpforms-11476-field_3\">Message<\/label><textarea id=\"wpforms-11476-field_3\" class=\"wpforms-field-small\" name=\"wpforms[fields][3]\" ><\/textarea><\/div><div id=\"wpforms-11476-field_38-container\" class=\"wpforms-field wpforms-field-radio\" data-field-id=\"38\"><label class=\"wpforms-field-label\">Do you want to receive a donation receipt? <span class=\"wpforms-required-label\">*<\/span><\/label><ul id=\"wpforms-11476-field_38\" class=\"wpforms-field-required\"><li class=\"choice-1 depth-1\"><input type=\"radio\" id=\"wpforms-11476-field_38_1\" name=\"wpforms[fields][38]\" value=\"Yes\" required ><label class=\"wpforms-field-label-inline\" for=\"wpforms-11476-field_38_1\">Yes<\/label><\/li><li class=\"choice-2 depth-1\"><input type=\"radio\" id=\"wpforms-11476-field_38_2\" name=\"wpforms[fields][38]\" value=\"No\" required ><label class=\"wpforms-field-label-inline\" for=\"wpforms-11476-field_38_2\">No<\/label><\/li><\/ul><\/div><div id=\"wpforms-11476-field_19-container\" class=\"wpforms-field wpforms-field-checkbox\" data-field-id=\"19\"><label class=\"wpforms-field-label\">Newsletter<\/label><ul id=\"wpforms-11476-field_19\"><li class=\"choice-1 depth-1\"><input type=\"checkbox\" id=\"wpforms-11476-field_19_1\" name=\"wpforms[fields][19][]\" value=\"Yes, please sign me up for the KH Newsletter\"  ><label class=\"wpforms-field-label-inline\" for=\"wpforms-11476-field_19_1\">Yes, please sign me up for the KH Newsletter<\/label><\/li><\/ul><\/div><div id=\"wpforms-11476-field_39-container\" class=\"wpforms-field wpforms-field-checkbox\" data-field-id=\"39\"><label class=\"wpforms-field-label\">Privacy Policy <span class=\"wpforms-required-label\">*<\/span><\/label><ul id=\"wpforms-11476-field_39\" class=\"wpforms-field-required\"><li class=\"choice-1 depth-1\"><input type=\"checkbox\" id=\"wpforms-11476-field_39_1\" name=\"wpforms[fields][39][]\" value=\"I have read and accept the &lt;a href=&quot;https:\/\/kerenhajessod.ch\/en\/contact\/privacy-policy\/&quot; target=&quot;_blank&quot;&gt;privacy policy&lt;\/a&gt;.\" required ><label class=\"wpforms-field-label-inline\" for=\"wpforms-11476-field_39_1\">I have read and accept the <a href=\"https:\/\/kerenhajessod.ch\/en\/contact\/privacy-policy\/\" target=\"_blank\">privacy policy<\/a>.<\/label><\/li><\/ul><\/div><div id=\"wpforms-11476-field_32-container\" class=\"wpforms-field wpforms-field-payment-total wpforms-field-medium\" data-field-id=\"32\"><label class=\"wpforms-field-label\">Donation amount<\/label><div class=\"wpforms-payment-total\" style=\"\">CHF0.00<\/div><input type=\"hidden\" id=\"wpforms-11476-field_32\" class=\"wpforms-field-medium wpforms-payment-total\" name=\"wpforms[fields][32]\" value=\"0\"><\/div><\/div><!-- .wpforms-field-container --><div class=\"wpforms-recaptcha-container wpforms-is-recaptcha wpforms-is-recaptcha-type-v2\" ><div class=\"g-recaptcha\" data-sitekey=\"6LdcYugjAAAAAExZhKcrMq_CInX2CumZsBB4XIL8\"><\/div><input type=\"text\" name=\"g-recaptcha-hidden\" class=\"wpforms-recaptcha-hidden\" style=\"position:absolute!important;clip:rect(0,0,0,0)!important;height:1px!important;width:1px!important;border:0!important;overflow:hidden!important;padding:0!important;margin:0!important;\" data-rule-recaptcha=\"1\"><\/div><div class=\"wpforms-submit-container\" ><input type=\"hidden\" name=\"wpforms[id]\" value=\"11476\"><input type=\"hidden\" name=\"page_title\" value=\"\"><input type=\"hidden\" name=\"page_url\" value=\"https:\/\/kerenhajessod.ch\/en\/wp-json\/wp\/v2\/pages\/11480\"><input type=\"hidden\" name=\"url_referer\" value=\"\"><button type=\"submit\" name=\"wpforms[submit]\" id=\"wpforms-submit-11476\" class=\"wpforms-submit\" aria-live=\"assertive\" value=\"wpforms-submit\">Donate now<\/button><img decoding=\"async\" src=\"https:\/\/kerenhajessod.ch\/wp-content\/plugins\/wpforms\/assets\/images\/submit-spin.svg\" class=\"wpforms-submit-spinner\" style=\"display: none;\" width=\"26\" height=\"26\" alt=\"Loading\"><\/div><\/form><\/div>  <!-- .wpforms-container --><\/div>\n\t\t\t\t\t\t<\/div>\n\t\t\t\t<\/div>\n\t\t\t\t\t<\/div>\n\t\t<\/div>\n\t\t\t\t\t<\/div>\n\t\t<\/section>\n\t\t\t\t<\/div>\n\t\t","protected":false},"excerpt":{"rendered":"<p>Donate to KEDMA<\/p>\n","protected":false},"author":12,"featured_media":0,"parent":0,"menu_order":50,"comment_status":"closed","ping_status":"closed","template":"","meta":{"footnotes":"","_links_to":"","_links_to_target":""},"class_list":["post-11480","page","type-page","status-publish","hentry"],"yoast_head":"<!-- This site is optimized with the Yoast SEO plugin v24.7 - https:\/\/yoast.com\/wordpress\/plugins\/seo\/ -->\n<title>Donate to Kedma &#8226; Keren Hajessod Schweiz<\/title>\n<meta name=\"robots\" content=\"index, follow, max-snippet:-1, max-image-preview:large, max-video-preview:-1\" \/>\n<link rel=\"canonical\" href=\"https:\/\/kerenhajessod.ch\/spende-kedma\/\" \/>\n<meta property=\"og:locale\" content=\"en_US\" \/>\n<meta property=\"og:type\" content=\"article\" \/>\n<meta property=\"og:title\" content=\"Donate to Kedma &#8226; Keren Hajessod Schweiz\" \/>\n<meta property=\"og:description\" content=\"Donate to KEDMA\" \/>\n<meta property=\"og:url\" content=\"https:\/\/kerenhajessod.ch\/spende-kedma\/\" \/>\n<meta property=\"og:site_name\" content=\"Keren Hajessod Schweiz\" \/>\n<meta property=\"article:publisher\" content=\"https:\/\/www.facebook.com\/kerenhajessod\/\" \/>\n<meta property=\"article:modified_time\" content=\"2023-04-30T09:36:40+00:00\" \/>\n<meta property=\"og:image\" content=\"https:\/\/kerenhajessod.ch\/wp-content\/uploads\/elementor\/thumbs\/Picture1-1-pxngku17d0skey6atcxm8eel9oz5m3denuypnt40k4.png\" \/>\n<meta name=\"twitter:card\" content=\"summary_large_image\" \/>\n<meta name=\"twitter:label1\" content=\"Est. reading time\" \/>\n\t<meta name=\"twitter:data1\" content=\"1 minute\" \/>\n<script type=\"application\/ld+json\" class=\"yoast-schema-graph\">{\"@context\":\"https:\/\/schema.org\",\"@graph\":[{\"@type\":\"WebPage\",\"@id\":\"https:\/\/kerenhajessod.ch\/spende-kedma\/\",\"url\":\"https:\/\/kerenhajessod.ch\/spende-kedma\/\",\"name\":\"Donate to Kedma &#8226; Keren Hajessod Schweiz\",\"isPartOf\":{\"@id\":\"https:\/\/kerenhajessod.ch\/#website\"},\"primaryImageOfPage\":{\"@id\":\"https:\/\/kerenhajessod.ch\/spende-kedma\/#primaryimage\"},\"image\":{\"@id\":\"https:\/\/kerenhajessod.ch\/spende-kedma\/#primaryimage\"},\"thumbnailUrl\":\"https:\/\/kerenhajessod.ch\/wp-content\/uploads\/elementor\/thumbs\/Picture1-1-pxngku17d0skey6atcxm8eel9oz5m3denuypnt40k4.png\",\"datePublished\":\"2023-04-30T09:35:17+00:00\",\"dateModified\":\"2023-04-30T09:36:40+00:00\",\"breadcrumb\":{\"@id\":\"https:\/\/kerenhajessod.ch\/spende-kedma\/#breadcrumb\"},\"inLanguage\":\"en-US\",\"potentialAction\":[{\"@type\":\"ReadAction\",\"target\":[\"https:\/\/kerenhajessod.ch\/spende-kedma\/\"]}]},{\"@type\":\"ImageObject\",\"inLanguage\":\"en-US\",\"@id\":\"https:\/\/kerenhajessod.ch\/spende-kedma\/#primaryimage\",\"url\":\"https:\/\/kerenhajessod.ch\/wp-content\/uploads\/elementor\/thumbs\/Picture1-1-pxngku17d0skey6atcxm8eel9oz5m3denuypnt40k4.png\",\"contentUrl\":\"https:\/\/kerenhajessod.ch\/wp-content\/uploads\/elementor\/thumbs\/Picture1-1-pxngku17d0skey6atcxm8eel9oz5m3denuypnt40k4.png\"},{\"@type\":\"BreadcrumbList\",\"@id\":\"https:\/\/kerenhajessod.ch\/spende-kedma\/#breadcrumb\",\"itemListElement\":[{\"@type\":\"ListItem\",\"position\":1,\"name\":\"Startseite\",\"item\":\"https:\/\/kerenhajessod.ch\/\"},{\"@type\":\"ListItem\",\"position\":2,\"name\":\"Donate to Kedma\"}]},{\"@type\":\"WebSite\",\"@id\":\"https:\/\/kerenhajessod.ch\/#website\",\"url\":\"https:\/\/kerenhajessod.ch\/\",\"name\":\"Keren Hajessod Schweiz\",\"description\":\"\",\"publisher\":{\"@id\":\"https:\/\/kerenhajessod.ch\/#organization\"},\"potentialAction\":[{\"@type\":\"SearchAction\",\"target\":{\"@type\":\"EntryPoint\",\"urlTemplate\":\"https:\/\/kerenhajessod.ch\/?s={search_term_string}\"},\"query-input\":{\"@type\":\"PropertyValueSpecification\",\"valueRequired\":true,\"valueName\":\"search_term_string\"}}],\"inLanguage\":\"en-US\"},{\"@type\":\"Organization\",\"@id\":\"https:\/\/kerenhajessod.ch\/#organization\",\"name\":\"Keren Hajessod Schweiz\",\"url\":\"https:\/\/kerenhajessod.ch\/\",\"logo\":{\"@type\":\"ImageObject\",\"inLanguage\":\"en-US\",\"@id\":\"https:\/\/kerenhajessod.ch\/#\/schema\/logo\/image\/\",\"url\":\"https:\/\/kerenhajessod.ch\/wp-content\/uploads\/2017\/09\/kh_blank_schmal.gif\",\"contentUrl\":\"https:\/\/kerenhajessod.ch\/wp-content\/uploads\/2017\/09\/kh_blank_schmal.gif\",\"width\":1400,\"height\":334,\"caption\":\"Keren Hajessod Schweiz\"},\"image\":{\"@id\":\"https:\/\/kerenhajessod.ch\/#\/schema\/logo\/image\/\"},\"sameAs\":[\"https:\/\/www.facebook.com\/kerenhajessod\/\",\"https:\/\/www.youtube.com\/playlist?list=PLanZ4Ba4_lOUcwXTRK7UeXQ6v_AipPIH2\"]}]}<\/script>\n<!-- \/ Yoast SEO plugin. -->","yoast_head_json":{"title":"Donate to Kedma &#8226; Keren Hajessod Schweiz","robots":{"index":"index","follow":"follow","max-snippet":"max-snippet:-1","max-image-preview":"max-image-preview:large","max-video-preview":"max-video-preview:-1"},"canonical":"https:\/\/kerenhajessod.ch\/spende-kedma\/","og_locale":"en_US","og_type":"article","og_title":"Donate to Kedma &#8226; Keren Hajessod Schweiz","og_description":"Donate to KEDMA","og_url":"https:\/\/kerenhajessod.ch\/spende-kedma\/","og_site_name":"Keren Hajessod Schweiz","article_publisher":"https:\/\/www.facebook.com\/kerenhajessod\/","article_modified_time":"2023-04-30T09:36:40+00:00","og_image":[{"url":"https:\/\/kerenhajessod.ch\/wp-content\/uploads\/elementor\/thumbs\/Picture1-1-pxngku17d0skey6atcxm8eel9oz5m3denuypnt40k4.png","type":"","width":"","height":""}],"twitter_card":"summary_large_image","twitter_misc":{"Est. reading time":"1 minute"},"schema":{"@context":"https:\/\/schema.org","@graph":[{"@type":"WebPage","@id":"https:\/\/kerenhajessod.ch\/spende-kedma\/","url":"https:\/\/kerenhajessod.ch\/spende-kedma\/","name":"Donate to Kedma &#8226; Keren Hajessod Schweiz","isPartOf":{"@id":"https:\/\/kerenhajessod.ch\/#website"},"primaryImageOfPage":{"@id":"https:\/\/kerenhajessod.ch\/spende-kedma\/#primaryimage"},"image":{"@id":"https:\/\/kerenhajessod.ch\/spende-kedma\/#primaryimage"},"thumbnailUrl":"https:\/\/kerenhajessod.ch\/wp-content\/uploads\/elementor\/thumbs\/Picture1-1-pxngku17d0skey6atcxm8eel9oz5m3denuypnt40k4.png","datePublished":"2023-04-30T09:35:17+00:00","dateModified":"2023-04-30T09:36:40+00:00","breadcrumb":{"@id":"https:\/\/kerenhajessod.ch\/spende-kedma\/#breadcrumb"},"inLanguage":"en-US","potentialAction":[{"@type":"ReadAction","target":["https:\/\/kerenhajessod.ch\/spende-kedma\/"]}]},{"@type":"ImageObject","inLanguage":"en-US","@id":"https:\/\/kerenhajessod.ch\/spende-kedma\/#primaryimage","url":"https:\/\/kerenhajessod.ch\/wp-content\/uploads\/elementor\/thumbs\/Picture1-1-pxngku17d0skey6atcxm8eel9oz5m3denuypnt40k4.png","contentUrl":"https:\/\/kerenhajessod.ch\/wp-content\/uploads\/elementor\/thumbs\/Picture1-1-pxngku17d0skey6atcxm8eel9oz5m3denuypnt40k4.png"},{"@type":"BreadcrumbList","@id":"https:\/\/kerenhajessod.ch\/spende-kedma\/#breadcrumb","itemListElement":[{"@type":"ListItem","position":1,"name":"Startseite","item":"https:\/\/kerenhajessod.ch\/"},{"@type":"ListItem","position":2,"name":"Donate to Kedma"}]},{"@type":"WebSite","@id":"https:\/\/kerenhajessod.ch\/#website","url":"https:\/\/kerenhajessod.ch\/","name":"Keren Hajessod Schweiz","description":"","publisher":{"@id":"https:\/\/kerenhajessod.ch\/#organization"},"potentialAction":[{"@type":"SearchAction","target":{"@type":"EntryPoint","urlTemplate":"https:\/\/kerenhajessod.ch\/?s={search_term_string}"},"query-input":{"@type":"PropertyValueSpecification","valueRequired":true,"valueName":"search_term_string"}}],"inLanguage":"en-US"},{"@type":"Organization","@id":"https:\/\/kerenhajessod.ch\/#organization","name":"Keren Hajessod Schweiz","url":"https:\/\/kerenhajessod.ch\/","logo":{"@type":"ImageObject","inLanguage":"en-US","@id":"https:\/\/kerenhajessod.ch\/#\/schema\/logo\/image\/","url":"https:\/\/kerenhajessod.ch\/wp-content\/uploads\/2017\/09\/kh_blank_schmal.gif","contentUrl":"https:\/\/kerenhajessod.ch\/wp-content\/uploads\/2017\/09\/kh_blank_schmal.gif","width":1400,"height":334,"caption":"Keren Hajessod Schweiz"},"image":{"@id":"https:\/\/kerenhajessod.ch\/#\/schema\/logo\/image\/"},"sameAs":["https:\/\/www.facebook.com\/kerenhajessod\/","https:\/\/www.youtube.com\/playlist?list=PLanZ4Ba4_lOUcwXTRK7UeXQ6v_AipPIH2"]}]}},"_links":{"self":[{"href":"https:\/\/kerenhajessod.ch\/en\/wp-json\/wp\/v2\/pages\/11480","targetHints":{"allow":["GET"]}}],"collection":[{"href":"https:\/\/kerenhajessod.ch\/en\/wp-json\/wp\/v2\/pages"}],"about":[{"href":"https:\/\/kerenhajessod.ch\/en\/wp-json\/wp\/v2\/types\/page"}],"author":[{"embeddable":true,"href":"https:\/\/kerenhajessod.ch\/en\/wp-json\/wp\/v2\/users\/12"}],"replies":[{"embeddable":true,"href":"https:\/\/kerenhajessod.ch\/en\/wp-json\/wp\/v2\/comments?post=11480"}],"version-history":[{"count":0,"href":"https:\/\/kerenhajessod.ch\/en\/wp-json\/wp\/v2\/pages\/11480\/revisions"}],"wp:attachment":[{"href":"https:\/\/kerenhajessod.ch\/en\/wp-json\/wp\/v2\/media?parent=11480"}],"curies":[{"name":"wp","href":"https:\/\/api.w.org\/{rel}","templated":true}]}}