{"id":832,"date":"2017-09-14T13:55:58","date_gmt":"2017-09-14T11:55:58","guid":{"rendered":"https:\/\/kerenhajessod.ch\/?page_id=832"},"modified":"2023-05-08T09:15:06","modified_gmt":"2023-05-08T07:15:06","slug":"imprint","status":"publish","type":"page","link":"https:\/\/kerenhajessod.ch\/en\/contact\/imprint\/","title":{"rendered":"Imprint"},"content":{"rendered":"\t\t<div data-elementor-type=\"wp-page\" data-elementor-id=\"832\" class=\"elementor elementor-832 elementor-648\" data-elementor-post-type=\"page\">\n\t\t\t\t\t\t<section class=\"elementor-section elementor-top-section elementor-element elementor-element-35f5ebb elementor-section-boxed elementor-section-height-default elementor-section-height-default\" data-id=\"35f5ebb\" data-element_type=\"section\">\n\t\t\t\t\t\t<div class=\"elementor-container elementor-column-gap-default\">\n\t\t\t\t\t<div class=\"elementor-column elementor-col-100 elementor-top-column elementor-element elementor-element-0118fc4\" data-id=\"0118fc4\" data-element_type=\"column\">\n\t\t\t<div class=\"elementor-widget-wrap elementor-element-populated\">\n\t\t\t\t\t\t<div class=\"elementor-element elementor-element-118dc00 elementor-widget elementor-widget-heading\" data-id=\"118dc00\" data-element_type=\"widget\" data-widget_type=\"heading.default\">\n\t\t\t\t<div class=\"elementor-widget-container\">\n\t\t\t\t\t<h3 class=\"elementor-heading-title elementor-size-default\">Imprint<\/h3>\t\t\t\t<\/div>\n\t\t\t\t<\/div>\n\t\t\t\t\t<\/div>\n\t\t<\/div>\n\t\t\t\t\t<\/div>\n\t\t<\/section>\n\t\t\t\t<section class=\"elementor-section elementor-top-section elementor-element elementor-element-f893899 elementor-section-boxed elementor-section-height-default elementor-section-height-default\" data-id=\"f893899\" data-element_type=\"section\">\n\t\t\t\t\t\t<div class=\"elementor-container elementor-column-gap-default\">\n\t\t\t\t\t<div class=\"elementor-column elementor-col-66 elementor-top-column elementor-element elementor-element-df6f476\" data-id=\"df6f476\" data-element_type=\"column\">\n\t\t\t<div class=\"elementor-widget-wrap elementor-element-populated\">\n\t\t\t\t\t\t<div class=\"elementor-element elementor-element-721b9dae elementor-widget elementor-widget-text-editor\" data-id=\"721b9dae\" data-element_type=\"widget\" data-widget_type=\"text-editor.default\">\n\t\t\t\t<div class=\"elementor-widget-container\">\n\t\t\t\t\t\t\t\t\t<h2>Kontaktadresse<\/h2>\n<p>Keren Hajessod Schweiz<br>Sch\u00f6ntalstrasse 21<br>8004 Z\u00fcrich<br>Schweiz<\/p>\n<p>i&#110;&#x66;&#x6f;&#64;&#107;&#101;&#x72;&#x65;n&#104;&#97;&#x6a;&#x65;s&#115;&#x6f;&#x64;&#x2e;c&#104;<\/p>\n<h2><br><\/h2>\n<h2>Vertretungsberechtigte Personen<\/h2>\n<p>Claudia Scheiner, Pr\u00e4sidentin<br>Lilly Rosenblatt, Assistentin<\/p>\n<h2><br><\/h2>\n<h2>Haftungsausschluss<\/h2>\n<p>Der Autor \u00fcbernimmt keinerlei Gew\u00e4hr hinsichtlich der inhaltlichen Richtigkeit, Genauigkeit, Aktualit\u00e4t, Zuverl\u00e4ssigkeit und Vollst\u00e4ndigkeit der Informationen.<\/p>\n<p>Haftungsanspr\u00fcche gegen den Autor wegen Sch\u00e4den materieller oder immaterieller Art, welche aus dem Zugriff oder der Nutzung bzw. Nichtnutzung der ver\u00f6ffentlichten Informationen, durch Missbrauch der Verbindung oder durch technische St\u00f6rungen entstanden sind, werden ausgeschlossen.<\/p>\n<p>Alle Angebote sind unverbindlich. Der Autor beh\u00e4lt es sich ausdr\u00fccklich vor, Teile der Seiten oder das gesamte Angebot ohne gesonderte Ank\u00fcndigung zu ver\u00e4ndern, zu erg\u00e4nzen, zu l\u00f6schen oder die Ver\u00f6ffentlichung zeitweise oder endg\u00fcltig einzustellen.<\/p>\n<h2><br><\/h2>\n<h2>Haftung f\u00fcr Links<\/h2>\n<p>Verweise und Links auf Webseiten Dritter liegen ausserhalb unseres Verantwortungsbereichs. Es wird jegliche Verantwortung f\u00fcr solche Webseiten abgelehnt. Der Zugriff und die Nutzung solcher Webseiten erfolgen auf eigene Gefahr des Nutzers oder der Nutzerin.<\/p>\n<h2><br><\/h2>\n<h2>Urheberrechte<\/h2>\n<p>Die Urheber- und alle anderen Rechte an Inhalten, Bildern, Fotos oder anderen Dateien auf der Website geh\u00f6ren ausschliesslich <strong>der Firma Keren Hajessod Schweiz <\/strong> oder den speziell genannten Rechtsinhabern. F\u00fcr die Reproduktion jeglicher Elemente ist die schriftliche Zustimmung der Urheberrechtstr\u00e4ger im Voraus einzuholen.<\/p>\n<h2><br><\/h2>\n<h2>Content<\/h2>\n<p>Images: Keren Hajessod Jerusalem, Israel<br>Text: Keren Hajessod Schweiz<br><\/p>\t\t\t\t\t\t\t\t<\/div>\n\t\t\t\t<\/div>\n\t\t\t\t\t<\/div>\n\t\t<\/div>\n\t\t\t\t<div class=\"elementor-column elementor-col-33 elementor-top-column elementor-element elementor-element-907382d\" data-id=\"907382d\" data-element_type=\"column\">\n\t\t\t<div class=\"elementor-widget-wrap\">\n\t\t\t\t\t\t\t<\/div>\n\t\t<\/div>\n\t\t\t\t\t<\/div>\n\t\t<\/section>\n\t\t\t\t<section class=\"elementor-section elementor-top-section elementor-element elementor-element-1d78a627 elementor-section-boxed elementor-section-height-default elementor-section-height-default\" data-id=\"1d78a627\" data-element_type=\"section\">\n\t\t\t\t\t\t<div class=\"elementor-container elementor-column-gap-default\">\n\t\t\t\t\t<div class=\"elementor-column elementor-col-100 elementor-top-column elementor-element elementor-element-460ceceb\" data-id=\"460ceceb\" data-element_type=\"column\">\n\t\t\t<div class=\"elementor-widget-wrap\">\n\t\t\t\t\t\t\t<\/div>\n\t\t<\/div>\n\t\t\t\t\t<\/div>\n\t\t<\/section>\n\t\t\t\t<\/div>\n\t\t","protected":false},"excerpt":{"rendered":"<p>Imprint Kontaktadresse Keren Hajessod SchweizSch\u00f6ntalstrasse 218004 Z\u00fcrichSchweiz &#105;&#x6e;f&#111;&#x40;k&#x65;&#x72;&#101;&#x6e;h&#97;&#x6a;e&#115;&#x73;&#111;&#x64;&#46;&#99;&#x68; Vertretungsberechtigte Personen Claudia Scheiner, Pr\u00e4sidentinLilly Rosenblatt, Assistentin Haftungsausschluss Der Autor \u00fcbernimmt keinerlei Gew\u00e4hr hinsichtlich der inhaltlichen Richtigkeit, Genauigkeit, Aktualit\u00e4t, Zuverl\u00e4ssigkeit und Vollst\u00e4ndigkeit der Informationen. Haftungsanspr\u00fcche gegen den Autor wegen Sch\u00e4den materieller oder immaterieller Art, welche aus dem Zugriff oder der Nutzung bzw. Nichtnutzung der ver\u00f6ffentlichten Informationen, durch [&hellip;]<\/p>\n","protected":false},"author":1,"featured_media":0,"parent":873,"menu_order":5,"comment_status":"closed","ping_status":"closed","template":"","meta":{"footnotes":"","_links_to":"","_links_to_target":""},"class_list":["post-832","page","type-page","status-publish","hentry"],"yoast_head":"<!-- This site is optimized with the Yoast SEO plugin v24.7 - https:\/\/yoast.com\/wordpress\/plugins\/seo\/ -->\n<title>Imprint &#8226; Keren Hajessod Schweiz<\/title>\n<meta name=\"robots\" content=\"index, follow, max-snippet:-1, max-image-preview:large, max-video-preview:-1\" \/>\n<link rel=\"canonical\" href=\"https:\/\/kerenhajessod.ch\/kontakt\/impressum\/\" \/>\n<meta property=\"og:locale\" content=\"en_US\" \/>\n<meta property=\"og:type\" content=\"article\" \/>\n<meta property=\"og:title\" content=\"Imprint &#8226; Keren Hajessod Schweiz\" \/>\n<meta property=\"og:description\" content=\"Imprint Kontaktadresse Keren Hajessod SchweizSch\u00f6ntalstrasse 218004 Z\u00fcrichSchweiz &#105;&#x6e;f&#111;&#x40;&#107;&#x65;r&#101;&#x6e;h&#x61;&#x6a;&#101;&#x73;s&#111;&#x64;&#046;&#x63;&#x68; Vertretungsberechtigte Personen Claudia Scheiner, Pr\u00e4sidentinLilly Rosenblatt, Assistentin Haftungsausschluss Der Autor \u00fcbernimmt keinerlei Gew\u00e4hr hinsichtlich der inhaltlichen Richtigkeit, Genauigkeit, Aktualit\u00e4t, Zuverl\u00e4ssigkeit und Vollst\u00e4ndigkeit der Informationen. Haftungsanspr\u00fcche gegen den Autor wegen Sch\u00e4den materieller oder immaterieller Art, welche aus dem Zugriff oder der Nutzung bzw. Nichtnutzung der ver\u00f6ffentlichten Informationen, durch [&hellip;]\" \/>\n<meta property=\"og:url\" content=\"https:\/\/kerenhajessod.ch\/kontakt\/impressum\/\" \/>\n<meta property=\"og:site_name\" content=\"Keren Hajessod Schweiz\" \/>\n<meta property=\"article:publisher\" content=\"https:\/\/www.facebook.com\/kerenhajessod\/\" \/>\n<meta property=\"article:modified_time\" content=\"2023-05-08T07:15:06+00:00\" \/>\n<meta name=\"twitter:card\" content=\"summary_large_image\" \/>\n<meta name=\"twitter:label1\" content=\"Est. reading time\" \/>\n\t<meta name=\"twitter:data1\" content=\"1 minute\" \/>\n<script type=\"application\/ld+json\" class=\"yoast-schema-graph\">{\"@context\":\"https:\/\/schema.org\",\"@graph\":[{\"@type\":\"WebPage\",\"@id\":\"https:\/\/kerenhajessod.ch\/kontakt\/impressum\/\",\"url\":\"https:\/\/kerenhajessod.ch\/kontakt\/impressum\/\",\"name\":\"Imprint &#8226; Keren Hajessod Schweiz\",\"isPartOf\":{\"@id\":\"https:\/\/kerenhajessod.ch\/#website\"},\"datePublished\":\"2017-09-14T11:55:58+00:00\",\"dateModified\":\"2023-05-08T07:15:06+00:00\",\"breadcrumb\":{\"@id\":\"https:\/\/kerenhajessod.ch\/kontakt\/impressum\/#breadcrumb\"},\"inLanguage\":\"en-US\",\"potentialAction\":[{\"@type\":\"ReadAction\",\"target\":[\"https:\/\/kerenhajessod.ch\/kontakt\/impressum\/\"]}]},{\"@type\":\"BreadcrumbList\",\"@id\":\"https:\/\/kerenhajessod.ch\/kontakt\/impressum\/#breadcrumb\",\"itemListElement\":[{\"@type\":\"ListItem\",\"position\":1,\"name\":\"Startseite\",\"item\":\"https:\/\/kerenhajessod.ch\/\"},{\"@type\":\"ListItem\",\"position\":2,\"name\":\"Contact Keren Hajessod Switzerland\",\"item\":\"https:\/\/kerenhajessod.ch\/kontakt\/\"},{\"@type\":\"ListItem\",\"position\":3,\"name\":\"Imprint\"}]},{\"@type\":\"WebSite\",\"@id\":\"https:\/\/kerenhajessod.ch\/#website\",\"url\":\"https:\/\/kerenhajessod.ch\/\",\"name\":\"Keren Hajessod Schweiz\",\"description\":\"\",\"publisher\":{\"@id\":\"https:\/\/kerenhajessod.ch\/#organization\"},\"potentialAction\":[{\"@type\":\"SearchAction\",\"target\":{\"@type\":\"EntryPoint\",\"urlTemplate\":\"https:\/\/kerenhajessod.ch\/?s={search_term_string}\"},\"query-input\":{\"@type\":\"PropertyValueSpecification\",\"valueRequired\":true,\"valueName\":\"search_term_string\"}}],\"inLanguage\":\"en-US\"},{\"@type\":\"Organization\",\"@id\":\"https:\/\/kerenhajessod.ch\/#organization\",\"name\":\"Keren Hajessod Schweiz\",\"url\":\"https:\/\/kerenhajessod.ch\/\",\"logo\":{\"@type\":\"ImageObject\",\"inLanguage\":\"en-US\",\"@id\":\"https:\/\/kerenhajessod.ch\/#\/schema\/logo\/image\/\",\"url\":\"https:\/\/kerenhajessod.ch\/wp-content\/uploads\/2017\/09\/kh_blank_schmal.gif\",\"contentUrl\":\"https:\/\/kerenhajessod.ch\/wp-content\/uploads\/2017\/09\/kh_blank_schmal.gif\",\"width\":1400,\"height\":334,\"caption\":\"Keren Hajessod Schweiz\"},\"image\":{\"@id\":\"https:\/\/kerenhajessod.ch\/#\/schema\/logo\/image\/\"},\"sameAs\":[\"https:\/\/www.facebook.com\/kerenhajessod\/\",\"https:\/\/www.youtube.com\/playlist?list=PLanZ4Ba4_lOUcwXTRK7UeXQ6v_AipPIH2\"]}]}<\/script>\n<!-- \/ Yoast SEO plugin. -->","yoast_head_json":{"title":"Imprint &#8226; Keren Hajessod Schweiz","robots":{"index":"index","follow":"follow","max-snippet":"max-snippet:-1","max-image-preview":"max-image-preview:large","max-video-preview":"max-video-preview:-1"},"canonical":"https:\/\/kerenhajessod.ch\/kontakt\/impressum\/","og_locale":"en_US","og_type":"article","og_title":"Imprint &#8226; Keren Hajessod Schweiz","og_description":"Imprint Kontaktadresse Keren Hajessod SchweizSch\u00f6ntalstrasse 218004 Z\u00fcrichSchweiz &#105;&#x6e;f&#111;&#x40;&#107;&#x65;r&#101;&#x6e;h&#x61;&#x6a;&#101;&#x73;s&#111;&#x64;&#46;&#x63;&#x68; Vertretungsberechtigte Personen Claudia Scheiner, Pr\u00e4sidentinLilly Rosenblatt, Assistentin Haftungsausschluss Der Autor \u00fcbernimmt keinerlei Gew\u00e4hr hinsichtlich der inhaltlichen Richtigkeit, Genauigkeit, Aktualit\u00e4t, Zuverl\u00e4ssigkeit und Vollst\u00e4ndigkeit der Informationen. Haftungsanspr\u00fcche gegen den Autor wegen Sch\u00e4den materieller oder immaterieller Art, welche aus dem Zugriff oder der Nutzung bzw. Nichtnutzung der ver\u00f6ffentlichten Informationen, durch [&hellip;]","og_url":"https:\/\/kerenhajessod.ch\/kontakt\/impressum\/","og_site_name":"Keren Hajessod Schweiz","article_publisher":"https:\/\/www.facebook.com\/kerenhajessod\/","article_modified_time":"2023-05-08T07:15:06+00:00","twitter_card":"summary_large_image","twitter_misc":{"Est. reading time":"1 minute"},"schema":{"@context":"https:\/\/schema.org","@graph":[{"@type":"WebPage","@id":"https:\/\/kerenhajessod.ch\/kontakt\/impressum\/","url":"https:\/\/kerenhajessod.ch\/kontakt\/impressum\/","name":"Imprint &#8226; Keren Hajessod Schweiz","isPartOf":{"@id":"https:\/\/kerenhajessod.ch\/#website"},"datePublished":"2017-09-14T11:55:58+00:00","dateModified":"2023-05-08T07:15:06+00:00","breadcrumb":{"@id":"https:\/\/kerenhajessod.ch\/kontakt\/impressum\/#breadcrumb"},"inLanguage":"en-US","potentialAction":[{"@type":"ReadAction","target":["https:\/\/kerenhajessod.ch\/kontakt\/impressum\/"]}]},{"@type":"BreadcrumbList","@id":"https:\/\/kerenhajessod.ch\/kontakt\/impressum\/#breadcrumb","itemListElement":[{"@type":"ListItem","position":1,"name":"Startseite","item":"https:\/\/kerenhajessod.ch\/"},{"@type":"ListItem","position":2,"name":"Contact Keren Hajessod Switzerland","item":"https:\/\/kerenhajessod.ch\/kontakt\/"},{"@type":"ListItem","position":3,"name":"Imprint"}]},{"@type":"WebSite","@id":"https:\/\/kerenhajessod.ch\/#website","url":"https:\/\/kerenhajessod.ch\/","name":"Keren Hajessod Schweiz","description":"","publisher":{"@id":"https:\/\/kerenhajessod.ch\/#organization"},"potentialAction":[{"@type":"SearchAction","target":{"@type":"EntryPoint","urlTemplate":"https:\/\/kerenhajessod.ch\/?s={search_term_string}"},"query-input":{"@type":"PropertyValueSpecification","valueRequired":true,"valueName":"search_term_string"}}],"inLanguage":"en-US"},{"@type":"Organization","@id":"https:\/\/kerenhajessod.ch\/#organization","name":"Keren Hajessod Schweiz","url":"https:\/\/kerenhajessod.ch\/","logo":{"@type":"ImageObject","inLanguage":"en-US","@id":"https:\/\/kerenhajessod.ch\/#\/schema\/logo\/image\/","url":"https:\/\/kerenhajessod.ch\/wp-content\/uploads\/2017\/09\/kh_blank_schmal.gif","contentUrl":"https:\/\/kerenhajessod.ch\/wp-content\/uploads\/2017\/09\/kh_blank_schmal.gif","width":1400,"height":334,"caption":"Keren Hajessod Schweiz"},"image":{"@id":"https:\/\/kerenhajessod.ch\/#\/schema\/logo\/image\/"},"sameAs":["https:\/\/www.facebook.com\/kerenhajessod\/","https:\/\/www.youtube.com\/playlist?list=PLanZ4Ba4_lOUcwXTRK7UeXQ6v_AipPIH2"]}]}},"_links":{"self":[{"href":"https:\/\/kerenhajessod.ch\/en\/wp-json\/wp\/v2\/pages\/832","targetHints":{"allow":["GET"]}}],"collection":[{"href":"https:\/\/kerenhajessod.ch\/en\/wp-json\/wp\/v2\/pages"}],"about":[{"href":"https:\/\/kerenhajessod.ch\/en\/wp-json\/wp\/v2\/types\/page"}],"author":[{"embeddable":true,"href":"https:\/\/kerenhajessod.ch\/en\/wp-json\/wp\/v2\/users\/1"}],"replies":[{"embeddable":true,"href":"https:\/\/kerenhajessod.ch\/en\/wp-json\/wp\/v2\/comments?post=832"}],"version-history":[{"count":0,"href":"https:\/\/kerenhajessod.ch\/en\/wp-json\/wp\/v2\/pages\/832\/revisions"}],"up":[{"embeddable":true,"href":"https:\/\/kerenhajessod.ch\/en\/wp-json\/wp\/v2\/pages\/873"}],"wp:attachment":[{"href":"https:\/\/kerenhajessod.ch\/en\/wp-json\/wp\/v2\/media?parent=832"}],"curies":[{"name":"wp","href":"https:\/\/api.w.org\/{rel}","templated":true}]}}